{"id":19338,"date":"2026-03-04T10:54:00","date_gmt":"2026-03-04T09:54:00","guid":{"rendered":"https:\/\/pralinipalace.com\/?page_id=19338"},"modified":"2026-03-08T19:22:21","modified_gmt":"2026-03-08T18:22:21","slug":"ueber-mich","status":"publish","type":"page","link":"https:\/\/pralinipalace.com\/en\/ueber-mich\/","title":{"rendered":"About Me"},"content":{"rendered":"<div data-elementor-type=\"wp-page\" data-elementor-id=\"19338\" class=\"elementor elementor-19338\" data-elementor-post-type=\"page\">\n\t\t\t\t<div class=\"elementor-element elementor-element-34b59ac e-flex e-con-boxed e-con e-parent\" data-id=\"34b59ac\" data-element_type=\"container\" data-e-type=\"container\" data-settings=\"{&quot;background_background&quot;:&quot;classic&quot;}\">\n\t\t\t\t\t<div class=\"e-con-inner\">\n\t\t\t\t<div class=\"elementor-element elementor-element-39bcc58 elementor-widget elementor-widget-heading\" data-id=\"39bcc58\" data-element_type=\"widget\" data-e-type=\"widget\" data-widget_type=\"heading.default\">\n\t\t\t\t<div class=\"elementor-widget-container\">\n\t\t\t\t\t<p class=\"elementor-heading-title elementor-size-default\">About Me<\/p>\t\t\t\t<\/div>\n\t\t\t\t<\/div>\n\t\t\t\t\t<\/div>\n\t\t\t\t<\/div>\n\t\t<div class=\"elementor-element elementor-element-5baec17 e-flex e-con-boxed e-con e-parent\" data-id=\"5baec17\" data-element_type=\"container\" data-e-type=\"container\">\n\t\t\t\t\t<div class=\"e-con-inner\">\n\t\t<div class=\"elementor-element elementor-element-182ea56 e-con-full e-flex e-con e-child\" data-id=\"182ea56\" data-element_type=\"container\" data-e-type=\"container\">\n\t\t\t\t<div class=\"elementor-element elementor-element-622c279 elementor-widget elementor-widget-heading\" data-id=\"622c279\" data-element_type=\"widget\" data-e-type=\"widget\" data-widget_type=\"heading.default\">\n\t\t\t\t<div class=\"elementor-widget-container\">\n\t\t\t\t\t<h1 class=\"elementor-heading-title elementor-size-default\">About me - Your selfmade Chocolatier<\/h1>\t\t\t\t<\/div>\n\t\t\t\t<\/div>\n\t\t\t\t<div class=\"elementor-element elementor-element-973dfd9 elementor-widget__width-inherit elementor-widget elementor-widget-text-editor\" data-id=\"973dfd9\" data-element_type=\"widget\" data-e-type=\"widget\" data-widget_type=\"text-editor.default\">\n\t\t\t\t<div class=\"elementor-widget-container\">\n\t\t\t\t\t\t\t\t\t<div data-id=\"b9f3261\" data-element_type=\"widget\" data-widget_type=\"text-editor.default\"><div data-eae-slider=\"89939\" data-id=\"f676f5a\" data-element_type=\"container\"><div data-id=\"1f9fd49\" data-element_type=\"widget\" data-widget_type=\"text-editor.default\"><section id=\"shopify-section-template--22578610766119__rich_text_yAT7bW\"><div data-cascade=\"\"><div data-id=\"388ce6c\" data-element_type=\"widget\" data-widget_type=\"text-editor.default\"><section id=\"shopify-section-template--22578610766119__rich_text_yAT7bW\"><div data-cascade=\"\"><p data-start=\"209\" data-end=\"656\">As an independent chocolatier and passionate lover of chocolate, I have worked my way into the world of fine chocolate in a largely self-taught manner. My background as an engineer in materials and product development may be unusual for the field of chocolaterie, but it is precisely this combination of technical precision and creative curiosity that enables me to craft exceptional handmade pralines and chocolate creations.<\/p><\/div><\/section><\/div><\/div><\/section><\/div><\/div><\/div>\t\t\t\t\t\t\t\t<\/div>\n\t\t\t\t<\/div>\n\t\t\t\t<div class=\"elementor-element elementor-element-3c384c0 elementor-widget elementor-widget-heading\" data-id=\"3c384c0\" data-element_type=\"widget\" data-e-type=\"widget\" data-widget_type=\"heading.default\">\n\t\t\t\t<div class=\"elementor-widget-container\">\n\t\t\t\t\t<h2 class=\"elementor-heading-title elementor-size-default\">Handcrafted chocolates made with passion<\/h2>\t\t\t\t<\/div>\n\t\t\t\t<\/div>\n\t\t\t\t<div class=\"elementor-element elementor-element-0f31f0d elementor-widget__width-inherit elementor-widget elementor-widget-text-editor\" data-id=\"0f31f0d\" data-element_type=\"widget\" data-e-type=\"widget\" data-widget_type=\"text-editor.default\">\n\t\t\t\t<div class=\"elementor-widget-container\">\n\t\t\t\t\t\t\t\t\t<div data-id=\"b9f3261\" data-element_type=\"widget\" data-widget_type=\"text-editor.default\"><div data-eae-slider=\"89939\" data-id=\"f676f5a\" data-element_type=\"container\"><div data-id=\"1f9fd49\" data-element_type=\"widget\" data-widget_type=\"text-editor.default\"><section id=\"shopify-section-template--22578610766119__rich_text_yAT7bW\"><div data-cascade=\"\"><div data-id=\"388ce6c\" data-element_type=\"widget\" data-widget_type=\"text-editor.default\"><section id=\"shopify-section-template--22578610766119__rich_text_yAT7bW\"><div data-cascade=\"\"><p data-start=\"706\" data-end=\"1010\">From the first spark of inspiration to the finished praline, the quality of the ingredients and the art of flavor are at the heart of everything I do. What once began as a personal hobby\u2014crafting handmade pralines for friends, family, and colleagues\u2014has since grown into my true calling.<\/p><\/div><\/section><\/div><\/div><\/section><\/div><\/div><\/div>\t\t\t\t\t\t\t\t<\/div>\n\t\t\t\t<\/div>\n\t\t\t\t<div class=\"elementor-element elementor-element-988f4c7 elementor-widget elementor-widget-heading\" data-id=\"988f4c7\" data-element_type=\"widget\" data-e-type=\"widget\" data-widget_type=\"heading.default\">\n\t\t\t\t<div class=\"elementor-widget-container\">\n\t\t\t\t\t<h2 class=\"elementor-heading-title elementor-size-default\">Creative chocolate creations for every taste.<\/h2>\t\t\t\t<\/div>\n\t\t\t\t<\/div>\n\t\t\t\t<div class=\"elementor-element elementor-element-543fb88 elementor-widget__width-inherit elementor-widget elementor-widget-text-editor\" data-id=\"543fb88\" data-element_type=\"widget\" data-e-type=\"widget\" data-widget_type=\"text-editor.default\">\n\t\t\t\t<div class=\"elementor-widget-container\">\n\t\t\t\t\t\t\t\t\t<div data-id=\"b9f3261\" data-element_type=\"widget\" data-widget_type=\"text-editor.default\"><div data-eae-slider=\"89939\" data-id=\"f676f5a\" data-element_type=\"container\"><div data-id=\"1f9fd49\" data-element_type=\"widget\" data-widget_type=\"text-editor.default\"><section id=\"shopify-section-template--22578610766119__rich_text_yAT7bW\"><div data-cascade=\"\"><div data-id=\"388ce6c\" data-element_type=\"widget\" data-widget_type=\"text-editor.default\"><section id=\"shopify-section-template--22578610766119__rich_text_yAT7bW\"><div data-cascade=\"\"><p data-start=\"1072\" data-end=\"1342\">I love experimenting with innovative flavor combinations and reinterpreting classic recipes. Each of my pralines is crafted with passion, care, and attention to detail to continually delight chocolate lovers anew.<\/p><\/div><\/section><\/div><\/div><\/section><\/div><\/div><\/div>\t\t\t\t\t\t\t\t<\/div>\n\t\t\t\t<\/div>\n\t\t\t\t<\/div>\n\t\t<div class=\"elementor-element elementor-element-b98f200 e-con-full e-flex e-con e-child\" data-id=\"b98f200\" data-element_type=\"container\" data-e-type=\"container\" data-settings=\"{&quot;background_background&quot;:&quot;classic&quot;}\">\n\t\t\t\t<\/div>\n\t\t\t\t\t<\/div>\n\t\t\t\t<\/div>\n\t\t<div class=\"elementor-element elementor-element-c6b887c e-flex e-con-boxed e-con e-parent\" data-id=\"c6b887c\" data-element_type=\"container\" data-e-type=\"container\" data-settings=\"{&quot;background_background&quot;:&quot;classic&quot;}\">\n\t\t\t\t\t<div class=\"e-con-inner\">\n\t\t\t\t<div class=\"elementor-element elementor-element-37a5e26 elementor-widget elementor-widget-heading\" data-id=\"37a5e26\" data-element_type=\"widget\" data-e-type=\"widget\" data-widget_type=\"heading.default\">\n\t\t\t\t<div class=\"elementor-widget-container\">\n\t\t\t\t\t<h2 class=\"elementor-heading-title elementor-size-default\">Exclusive Gift Ideas and Moments of Indulgence<\/h2>\t\t\t\t<\/div>\n\t\t\t\t<\/div>\n\t\t\t\t<div class=\"elementor-element elementor-element-750f09f elementor-widget__width-initial elementor-widget elementor-widget-text-editor\" data-id=\"750f09f\" data-element_type=\"widget\" data-e-type=\"widget\" data-widget_type=\"text-editor.default\">\n\t\t\t\t<div class=\"elementor-widget-container\">\n\t\t\t\t\t\t\t\t\t<div data-id=\"b9f3261\" data-element_type=\"widget\" data-widget_type=\"text-editor.default\"><div data-eae-slider=\"89939\" data-id=\"f676f5a\" data-element_type=\"container\"><div data-id=\"1f9fd49\" data-element_type=\"widget\" data-widget_type=\"text-editor.default\"><section id=\"shopify-section-template--22578610766119__rich_text_yAT7bW\"><div data-cascade=\"\"><div data-id=\"388ce6c\" data-element_type=\"widget\" data-widget_type=\"text-editor.default\"><section id=\"shopify-section-template--22578610766119__rich_text_yAT7bW\"><div data-cascade=\"\"><div data-id=\"4cc6ea3\" data-element_type=\"widget\" data-widget_type=\"text-editor.default\"><section id=\"shopify-section-template--22578610766119__rich_text_yAT7bW\"><div data-cascade=\"\"><p data-start=\"1395\" data-end=\"1589\">Whether it\u2019s custom praline creations, distinctive gift ideas, or exclusive chocolate variations \u2013 my handmade pralines combine quality, creativity, and indulgence at the highest level.<\/p><p data-start=\"1591\" data-end=\"1737\">Discover the world of the finest chocolate and experience how a passion for chocolate transforms into truly unique taste experiences.<\/p><\/div><\/section><\/div><\/div><\/section><\/div><\/div><\/section><\/div><\/div><\/div>\t\t\t\t\t\t\t\t<\/div>\n\t\t\t\t<\/div>\n\t\t\t\t\t<\/div>\n\t\t\t\t<\/div>\n\t\t\t\t<\/div>","protected":false},"excerpt":{"rendered":"<p>\u00dcber mich \u00dcber mich \u2013 Ihr selfmade Chocolatier Als selbstst\u00e4ndiger Chocolatier und leidenschaftlicher Schokoladenliebhaber habe ich mir meinen Weg in die Welt der feinen Schokolade autodidaktisch erarbeitet. Mein Hintergrund als Ingenieur f\u00fcr Material- und Produktentwicklung ist zwar untypisch f\u00fcr die Chocolaterie, doch genau diese Kombination aus technischer Pr\u00e4zision und kreativer Neugier erm\u00f6glicht es mir, au\u00dfergew\u00f6hnliche [&hellip;]<\/p>\n","protected":false},"author":1,"featured_media":0,"parent":0,"menu_order":0,"comment_status":"closed","ping_status":"closed","template":"elementor_header_footer","meta":{"om_disable_all_campaigns":false,"_monsterinsights_skip_tracking":false,"_monsterinsights_sitenote_active":false,"_monsterinsights_sitenote_note":"","_monsterinsights_sitenote_category":0,"footnotes":""},"class_list":["post-19338","page","type-page","status-publish","hentry"],"blocksy_meta":[],"aioseo_notices":[],"jetpack_sharing_enabled":true,"_links":{"self":[{"href":"https:\/\/pralinipalace.com\/en\/wp-json\/wp\/v2\/pages\/19338","targetHints":{"allow":["GET"]}}],"collection":[{"href":"https:\/\/pralinipalace.com\/en\/wp-json\/wp\/v2\/pages"}],"about":[{"href":"https:\/\/pralinipalace.com\/en\/wp-json\/wp\/v2\/types\/page"}],"author":[{"embeddable":true,"href":"https:\/\/pralinipalace.com\/en\/wp-json\/wp\/v2\/users\/1"}],"replies":[{"embeddable":true,"href":"https:\/\/pralinipalace.com\/en\/wp-json\/wp\/v2\/comments?post=19338"}],"version-history":[{"count":14,"href":"https:\/\/pralinipalace.com\/en\/wp-json\/wp\/v2\/pages\/19338\/revisions"}],"predecessor-version":[{"id":19701,"href":"https:\/\/pralinipalace.com\/en\/wp-json\/wp\/v2\/pages\/19338\/revisions\/19701"}],"wp:attachment":[{"href":"https:\/\/pralinipalace.com\/en\/wp-json\/wp\/v2\/media?parent=19338"}],"curies":[{"name":"wp","href":"https:\/\/api.w.org\/{rel}","templated":true}]}}