{"id":19747,"date":"2026-03-10T08:22:02","date_gmt":"2026-03-10T07:22:02","guid":{"rendered":"https:\/\/pralinipalace.com\/?page_id=19747"},"modified":"2026-03-10T08:30:50","modified_gmt":"2026-03-10T07:30:50","slug":"vanilla-ganache","status":"publish","type":"page","link":"https:\/\/pralinipalace.com\/en\/vanilla-ganache\/","title":{"rendered":"VANILLE GANACHE"},"content":{"rendered":"<div data-elementor-type=\"wp-page\" data-elementor-id=\"19747\" class=\"elementor elementor-19747\" data-elementor-post-type=\"page\">\n\t\t\t\t<div class=\"elementor-element elementor-element-79f84d2 e-flex e-con-boxed e-con e-parent\" data-id=\"79f84d2\" data-element_type=\"container\" data-e-type=\"container\" data-settings=\"{&quot;background_background&quot;:&quot;classic&quot;}\">\n\t\t\t\t\t<div class=\"e-con-inner\">\n\t\t\t\t<div class=\"elementor-element elementor-element-04851e7 elementor-widget elementor-widget-heading\" data-id=\"04851e7\" data-element_type=\"widget\" data-e-type=\"widget\" data-widget_type=\"heading.default\">\n\t\t\t\t<div class=\"elementor-widget-container\">\n\t\t\t\t\t<h1 class=\"elementor-heading-title elementor-size-default\">Vanille Ganache<\/h1>\t\t\t\t<\/div>\n\t\t\t\t<\/div>\n\t\t\t\t\t<\/div>\n\t\t\t\t<\/div>\n\t\t<div class=\"elementor-element elementor-element-bf9c3a4 e-flex e-con-boxed e-con e-parent\" data-id=\"bf9c3a4\" data-element_type=\"container\" data-e-type=\"container\">\n\t\t\t\t\t<div class=\"e-con-inner\">\n\t\t<div class=\"elementor-element elementor-element-c13fdfa e-con-full e-flex e-con e-child\" data-id=\"c13fdfa\" data-element_type=\"container\" data-e-type=\"container\">\n\t\t\t\t<div class=\"elementor-element elementor-element-337315b elementor-widget__width-inherit elementor-widget elementor-widget-text-editor\" data-id=\"337315b\" data-element_type=\"widget\" data-e-type=\"widget\" data-widget_type=\"text-editor.default\">\n\t\t\t\t<div class=\"elementor-widget-container\">\n\t\t\t\t\t\t\t\t\t<div data-id=\"b9f3261\" data-element_type=\"widget\" data-widget_type=\"text-editor.default\"><div data-eae-slider=\"89939\" data-id=\"f676f5a\" data-element_type=\"container\"><div data-id=\"1f9fd49\" data-element_type=\"widget\" data-widget_type=\"text-editor.default\"><section id=\"shopify-section-template--22578610766119__rich_text_yAT7bW\"><div data-cascade=\"\"><div data-id=\"388ce6c\" data-element_type=\"widget\" data-widget_type=\"text-editor.default\"><section id=\"shopify-section-template--22578610766119__rich_text_yAT7bW\"><div data-cascade=\"\"><p>Probiert meine liebste F\u00fcllung aus wei\u00dfer Schokolade \u2013 ideal f\u00fcr eure Pralinen. Dank ihrer hervorragenden Fluidit\u00e4t gelingen euch gleichm\u00e4\u00dfige Schichten, die das Verschlie\u00dfen erleichtern und Lufteinschl\u00fcsse vermeiden.<br \/><br \/><strong>Rezept und Anleitung unten:<\/strong><\/p><p>\u2022 Schlagsahne 35% Fett &#8211; 130 g<br \/>\u2022 Wei\u00dfe Schokoladencallets &#8211; 230 g<br \/>\u2022 Kakaobutter &#8211; 15 g<br \/>\u2022 Glukosesirup &#8211; 15 g<br \/>\u2022 Invertzucker &#8211; 15 g<br \/>\u2022 Vanilleschote &#8211; 1 St\u00fcck<br \/>\u2022 Prise Salz<\/p><ol><li>Die Schlagsahne, Glukosesirup und Invertzucker in einem Topf zusammengeben und zum K\u00f6cheln bringen.<\/li><li>Die Vanillesamen auskratzen und zur Sahnemischung hinzuf\u00fcgen. 30 Minuten beiseitestellen, damit die Aromen in die Sahne \u00fcbergehen.<\/li><li>Die Sahne erneut zum K\u00f6cheln bringen und \u00fcber die wei\u00dfe Schokolade und die Kakaobutter gie\u00dfen. Mit einem Stabmixer emulgieren und auf unter 30 Grad Celsius abk\u00fchlen lassen.<\/li><li>Die Ganache ist fertig, um eure Hohlk\u00f6rper zu f\u00fcllen.<\/li><\/ol><\/div><\/section><\/div><\/div><\/section><\/div><\/div><\/div>\t\t\t\t\t\t\t\t<\/div>\n\t\t\t\t<\/div>\n\t\t\t\t<\/div>\n\t\t\t\t\t<\/div>\n\t\t\t\t<\/div>\n\t\t<div class=\"elementor-element elementor-element-176a79e e-flex e-con-boxed e-con e-parent\" data-id=\"176a79e\" data-element_type=\"container\" data-e-type=\"container\">\n\t\t\t\t\t<div class=\"e-con-inner\">\n\t\t<div class=\"elementor-element elementor-element-56a4e90 e-con-full e-flex e-con e-child\" data-id=\"56a4e90\" data-element_type=\"container\" data-e-type=\"container\">\n\t\t\t\t<div class=\"elementor-element elementor-element-8b52c2c elementor-widget elementor-widget-heading\" data-id=\"8b52c2c\" data-element_type=\"widget\" data-e-type=\"widget\" data-widget_type=\"heading.default\">\n\t\t\t\t<div class=\"elementor-widget-container\">\n\t\t\t\t\t<p class=\"elementor-heading-title elementor-size-default\">Reviews<\/p>\t\t\t\t<\/div>\n\t\t\t\t<\/div>\n\t\t\t\t<div class=\"elementor-element elementor-element-d618253 elementor-widget elementor-widget-heading\" data-id=\"d618253\" data-element_type=\"widget\" data-e-type=\"widget\" data-widget_type=\"heading.default\">\n\t\t\t\t<div class=\"elementor-widget-container\">\n\t\t\t\t\t<p class=\"elementor-heading-title elementor-size-default\">What our customers say<\/p>\t\t\t\t<\/div>\n\t\t\t\t<\/div>\n\t\t\t\t<div class=\"elementor-element elementor-element-e6d4ac5 elementor-widget__width-initial elementor-testimonial--skin-default elementor-testimonial--layout-image_inline elementor-testimonial--align-center elementor-pagination-type-bullets elementor-widget elementor-widget-testimonial-carousel\" data-id=\"e6d4ac5\" data-element_type=\"widget\" data-e-type=\"widget\" data-settings=\"{&quot;slides_per_view&quot;:&quot;1&quot;,&quot;pagination&quot;:&quot;bullets&quot;,&quot;speed&quot;:500,&quot;autoplay&quot;:&quot;yes&quot;,&quot;autoplay_speed&quot;:5000,&quot;loop&quot;:&quot;yes&quot;,&quot;pause_on_hover&quot;:&quot;yes&quot;,&quot;pause_on_interaction&quot;:&quot;yes&quot;,&quot;space_between&quot;:{&quot;unit&quot;:&quot;px&quot;,&quot;size&quot;:10,&quot;sizes&quot;:[]},&quot;space_between_tablet&quot;:{&quot;unit&quot;:&quot;px&quot;,&quot;size&quot;:10,&quot;sizes&quot;:[]},&quot;space_between_mobile&quot;:{&quot;unit&quot;:&quot;px&quot;,&quot;size&quot;:10,&quot;sizes&quot;:[]}}\" data-widget_type=\"testimonial-carousel.default\">\n\t\t\t\t<div class=\"elementor-widget-container\">\n\t\t\t\t\t\t\t\t\t<div class=\"elementor-swiper\">\n\t\t\t\t\t<div class=\"elementor-main-swiper swiper\" role=\"region\" aria-roledescription=\"carousel\" aria-label=\"Slider\">\n\t\t\t\t<div class=\"swiper-wrapper\">\n\t\t\t\t\t\t\t\t\t\t\t<div class=\"swiper-slide\" role=\"group\" aria-roledescription=\"slide\">\n\t\t\t\t\t\t\t\t\t<div class=\"elementor-testimonial\">\n\t\t\t\t\t\t\t<div class=\"elementor-testimonial__content\">\n\t\t\t\t\t<div class=\"elementor-testimonial__text\">\n\t\t\t\t\t\tSehr freundlicher und individueller Service! Vorsicht, es handelt sich um einen Onlineshop und kein Ladengesch\u00e4ft \ud83d\ude09 wir sind darauf reingefallen, haben aber am n\u00e4chsten Tag ausnahmsweise trotzdem die bestellten Pralinen abholen d\u00fcrfen. Super netter Kerl und die Pralinen sahen sehr gut aus.\t\t\t\t\t<\/div>\n\t\t\t\t\t\t\t\t\t<\/div>\n\t\t\t\t\t\t<div class=\"elementor-testimonial__footer\">\n\t\t\t\t\t\t\t\t\t<div class=\"elementor-testimonial__image\">\n\t\t\t\t\t\t<img decoding=\"async\" src=\"https:\/\/pralinipalace.com\/wp-content\/uploads\/pralini-palace-banner-01.jpg\" alt=\"Fabian Will\">\n\t\t\t\t\t\t\t\t\t\t\t<\/div>\n\t\t\t\t\t\t\t\t<cite class=\"elementor-testimonial__cite\"><span class=\"elementor-testimonial__name\">Fabian Will<\/span><span class=\"elementor-testimonial__title\">Kunde<\/span><\/cite>\t\t\t<\/div>\n\t\t<\/div>\n\t\t\t\t\t\t\t\t<\/div>\n\t\t\t\t\t\t\t\t\t\t\t<div class=\"swiper-slide\" role=\"group\" aria-roledescription=\"slide\">\n\t\t\t\t\t\t\t\t\t<div class=\"elementor-testimonial\">\n\t\t\t\t\t\t\t<div class=\"elementor-testimonial__content\">\n\t\t\t\t\t<div class=\"elementor-testimonial__text\">\n\t\t\t\t\t\tWir k\u00f6nnen die Pralinen sehr empfehlen! Unsere Bestellung kam schnell an und war wundersch\u00f6n verpackt! Wir hatten 3 verschiedene Sorten und alle waren sehr lecker! Konnten uns kaum entscheiden! Auch sehr gut geeignet, um sie zu verschenken! Definitiv etwas besonderes! Wir bestellen gerne wieder.\t\t\t\t\t<\/div>\n\t\t\t\t\t\t\t\t\t<\/div>\n\t\t\t\t\t\t<div class=\"elementor-testimonial__footer\">\n\t\t\t\t\t\t\t\t\t<div class=\"elementor-testimonial__image\">\n\t\t\t\t\t\t<img decoding=\"async\" src=\"https:\/\/pralinipalace.com\/wp-content\/uploads\/pralini-palace-banner-01.jpg\" alt=\"Samuel Birue\">\n\t\t\t\t\t\t\t\t\t\t\t<\/div>\n\t\t\t\t\t\t\t\t<cite class=\"elementor-testimonial__cite\"><span class=\"elementor-testimonial__name\">Samuel Birue<\/span><span class=\"elementor-testimonial__title\">Kunde<\/span><\/cite>\t\t\t<\/div>\n\t\t<\/div>\n\t\t\t\t\t\t\t\t<\/div>\n\t\t\t\t\t\t\t\t\t\t\t<div class=\"swiper-slide\" role=\"group\" aria-roledescription=\"slide\">\n\t\t\t\t\t\t\t\t\t<div class=\"elementor-testimonial\">\n\t\t\t\t\t\t\t<div class=\"elementor-testimonial__content\">\n\t\t\t\t\t<div class=\"elementor-testimonial__text\">\n\t\t\t\t\t\tSehr leckere Pralinen die dazu noch unfassbar toll aussehen.\nLieferung hat super geklappt und die Verpackung ist richtig chic und hochwertig. Eine feste, stabile Pappbox mit praktischem Magnet-Verschluss.\nIch bestelle da sicher wieder.\t\t\t\t\t<\/div>\n\t\t\t\t\t\t\t\t\t<\/div>\n\t\t\t\t\t\t<div class=\"elementor-testimonial__footer\">\n\t\t\t\t\t\t\t\t\t<div class=\"elementor-testimonial__image\">\n\t\t\t\t\t\t<img decoding=\"async\" src=\"https:\/\/pralinipalace.com\/wp-content\/uploads\/pralini-palace-banner-01.jpg\" alt=\"Karlos M\u00fcller\">\n\t\t\t\t\t\t\t\t\t\t\t<\/div>\n\t\t\t\t\t\t\t\t<cite class=\"elementor-testimonial__cite\"><span class=\"elementor-testimonial__name\">Karlos M\u00fcller<\/span><span class=\"elementor-testimonial__title\">Kunde<\/span><\/cite>\t\t\t<\/div>\n\t\t<\/div>\n\t\t\t\t\t\t\t\t<\/div>\n\t\t\t\t\t\t\t\t\t\t\t<div class=\"swiper-slide\" role=\"group\" aria-roledescription=\"slide\">\n\t\t\t\t\t\t\t\t\t<div class=\"elementor-testimonial\">\n\t\t\t\t\t\t\t<div class=\"elementor-testimonial__content\">\n\t\t\t\t\t<div class=\"elementor-testimonial__text\">\n\t\t\t\t\t\tAlles in einem wunderbar. Die Liebe im Detail. Die geschmacksvielfallt. Kann man im Gutes Gewissen weiterempfehlen. Leckere Qualit\u00e4t zum naschen\n\t\t\t\t\t<\/div>\n\t\t\t\t\t\t\t\t\t<\/div>\n\t\t\t\t\t\t<div class=\"elementor-testimonial__footer\">\n\t\t\t\t\t\t\t\t\t<div class=\"elementor-testimonial__image\">\n\t\t\t\t\t\t<img decoding=\"async\" src=\"https:\/\/pralinipalace.com\/wp-content\/uploads\/pralini-palace-banner-01.jpg\" alt=\"LaStevanya\">\n\t\t\t\t\t\t\t\t\t\t\t<\/div>\n\t\t\t\t\t\t\t\t<cite class=\"elementor-testimonial__cite\"><span class=\"elementor-testimonial__name\">LaStevanya<\/span><span class=\"elementor-testimonial__title\">Kunde<\/span><\/cite>\t\t\t<\/div>\n\t\t<\/div>\n\t\t\t\t\t\t\t\t<\/div>\n\t\t\t\t\t\t\t\t\t<\/div>\n\t\t\t\t\t\t\t\t\t\t\t\t\t\t\t\t\t\t\t\t<div class=\"swiper-pagination\"><\/div>\n\t\t\t\t\t\t\t\t\t\t\t\t<\/div>\n\t\t\t\t<\/div>\n\t\t\t\t\t\t\t\t<\/div>\n\t\t\t\t<\/div>\n\t\t\t\t<\/div>\n\t\t\t\t\t<\/div>\n\t\t\t\t<\/div>\n\t\t\t\t<\/div>","protected":false},"excerpt":{"rendered":"<p>Vanille Ganache Probiert meine liebste F\u00fcllung aus wei\u00dfer Schokolade \u2013 ideal f\u00fcr eure Pralinen. Dank ihrer hervorragenden Fluidit\u00e4t gelingen euch gleichm\u00e4\u00dfige Schichten, die das Verschlie\u00dfen erleichtern und Lufteinschl\u00fcsse vermeiden. Rezept und Anleitung unten: \u2022 Schlagsahne 35% Fett &#8211; 130 g\u2022 Wei\u00dfe Schokoladencallets &#8211; 230 g\u2022 Kakaobutter &#8211; 15 g\u2022 Glukosesirup &#8211; 15 g\u2022 Invertzucker &#8211; [&hellip;]<\/p>\n","protected":false},"author":1,"featured_media":0,"parent":0,"menu_order":0,"comment_status":"closed","ping_status":"closed","template":"elementor_header_footer","meta":{"om_disable_all_campaigns":false,"_monsterinsights_skip_tracking":false,"_monsterinsights_sitenote_active":false,"_monsterinsights_sitenote_note":"","_monsterinsights_sitenote_category":0,"footnotes":""},"class_list":["post-19747","page","type-page","status-publish","hentry"],"blocksy_meta":[],"aioseo_notices":[],"jetpack_sharing_enabled":true,"_links":{"self":[{"href":"https:\/\/pralinipalace.com\/en\/wp-json\/wp\/v2\/pages\/19747","targetHints":{"allow":["GET"]}}],"collection":[{"href":"https:\/\/pralinipalace.com\/en\/wp-json\/wp\/v2\/pages"}],"about":[{"href":"https:\/\/pralinipalace.com\/en\/wp-json\/wp\/v2\/types\/page"}],"author":[{"embeddable":true,"href":"https:\/\/pralinipalace.com\/en\/wp-json\/wp\/v2\/users\/1"}],"replies":[{"embeddable":true,"href":"https:\/\/pralinipalace.com\/en\/wp-json\/wp\/v2\/comments?post=19747"}],"version-history":[{"count":8,"href":"https:\/\/pralinipalace.com\/en\/wp-json\/wp\/v2\/pages\/19747\/revisions"}],"predecessor-version":[{"id":19759,"href":"https:\/\/pralinipalace.com\/en\/wp-json\/wp\/v2\/pages\/19747\/revisions\/19759"}],"wp:attachment":[{"href":"https:\/\/pralinipalace.com\/en\/wp-json\/wp\/v2\/media?parent=19747"}],"curies":[{"name":"wp","href":"https:\/\/api.w.org\/{rel}","templated":true}]}}