{"id":5623,"date":"2025-01-23T02:27:37","date_gmt":"2025-01-23T01:27:37","guid":{"rendered":"https:\/\/pralinipalace.com\/?page_id=5623"},"modified":"2026-03-08T20:10:34","modified_gmt":"2026-03-08T19:10:34","slug":"versandinformationen","status":"publish","type":"page","link":"https:\/\/pralinipalace.com\/en\/versandinformationen\/","title":{"rendered":"Shipping Information"},"content":{"rendered":"<div data-elementor-type=\"wp-page\" data-elementor-id=\"5623\" class=\"elementor elementor-5623\" data-elementor-post-type=\"page\">\n\t\t\t\t<div class=\"elementor-element elementor-element-f140315 e-flex e-con-boxed e-con e-parent\" data-id=\"f140315\" data-element_type=\"container\" data-e-type=\"container\" data-settings=\"{&quot;background_background&quot;:&quot;classic&quot;}\">\n\t\t\t\t\t<div class=\"e-con-inner\">\n\t\t\t\t<div class=\"elementor-element elementor-element-150f88b elementor-widget elementor-widget-heading\" data-id=\"150f88b\" data-element_type=\"widget\" data-e-type=\"widget\" data-widget_type=\"heading.default\">\n\t\t\t\t<div class=\"elementor-widget-container\">\n\t\t\t\t\t<h1 class=\"elementor-heading-title elementor-size-default\">Shipping Information<\/h1>\t\t\t\t<\/div>\n\t\t\t\t<\/div>\n\t\t\t\t\t<\/div>\n\t\t\t\t<\/div>\n\t\t<div class=\"elementor-element elementor-element-269585e e-flex e-con-boxed e-con e-parent\" data-id=\"269585e\" data-element_type=\"container\" data-e-type=\"container\">\n\t\t\t\t\t<div class=\"e-con-inner\">\n\t\t\t\t<div class=\"elementor-element elementor-element-202d2bb elementor-widget elementor-widget-heading\" data-id=\"202d2bb\" data-element_type=\"widget\" data-e-type=\"widget\" data-widget_type=\"heading.default\">\n\t\t\t\t<div class=\"elementor-widget-container\">\n\t\t\t\t\t<h2 class=\"elementor-heading-title elementor-size-default\">Informations<\/h2>\t\t\t\t<\/div>\n\t\t\t\t<\/div>\n\t\t\t\t<div class=\"elementor-element elementor-element-f4cc680 elementor-widget__width-inherit elementor-widget elementor-widget-text-editor\" data-id=\"f4cc680\" data-element_type=\"widget\" data-e-type=\"widget\" data-widget_type=\"text-editor.default\">\n\t\t\t\t<div class=\"elementor-widget-container\">\n\t\t\t\t\t\t\t\t\t<div data-id=\"b9f3261\" data-element_type=\"widget\" data-widget_type=\"text-editor.default\"><div data-eae-slider=\"89939\" data-id=\"f676f5a\" data-element_type=\"container\"><div data-id=\"1f9fd49\" data-element_type=\"widget\" data-widget_type=\"text-editor.default\"><section id=\"shopify-section-template--22578610766119__rich_text_yAT7bW\"><div data-cascade=\"\"><p>Shipping is carried out within Germany and to Austria via a courier service selected by us, usually DHL.<\/p><p>The shipping costs are:<\/p><ul class=\"wp-block-list\"><li><strong>6,90 \u20ac<\/strong> for deliveries within Germany, for orders up to 80,- \u20ac<\/li><li><strong>14,49 \u20ac<\/strong>\u00a0for deliveries to Austria, for orders up to 100,-\u20ac<\/li><\/ul><p>For orders above <strong>80,-\u20ac\u00a0<\/strong>shipping within Germany is free, including packaging. For refrigerated shipments within Germany, we charge a fee when shipping via DHL Express of <strong>15,90 \u20ac<\/strong>.<\/p><\/div><\/section><\/div><\/div><\/div>\t\t\t\t\t\t\t\t<\/div>\n\t\t\t\t<\/div>\n\t\t\t\t\t<\/div>\n\t\t\t\t<\/div>\n\t\t\t\t<\/div>","protected":false},"excerpt":{"rendered":"<p>Versandinformationen Angaben Der Versand erfolgt innerhalb Deutschlands sowie nach \u00d6sterreich \u00fcber einen von uns ausgew\u00e4hlten Paketdienstleister, \u00fcblicherweise DHL. Die Versandkosten betragen: 6,90 \u20ac f\u00fcr Lieferungen innerhalb Deutschland\u00a0 bei einem Bestellwert bis\u00a0 80,-\u20ac 14,49 \u20ac\u00a0f\u00fcr Lieferungen nach \u00d6sterreich bei einem Bestellwert bis 100 \u20ac Ab einem Bestellwert von 80,-\u20ac\u00a0ist der Versand innerhalb Deutschlands kostenlos inkl. Verpackung. [&hellip;]<\/p>\n","protected":false},"author":1,"featured_media":0,"parent":0,"menu_order":0,"comment_status":"closed","ping_status":"closed","template":"elementor_header_footer","meta":{"om_disable_all_campaigns":false,"_monsterinsights_skip_tracking":false,"_monsterinsights_sitenote_active":false,"_monsterinsights_sitenote_note":"","_monsterinsights_sitenote_category":0,"footnotes":""},"class_list":["post-5623","page","type-page","status-publish","hentry"],"blocksy_meta":[],"aioseo_notices":[],"jetpack_sharing_enabled":true,"_links":{"self":[{"href":"https:\/\/pralinipalace.com\/en\/wp-json\/wp\/v2\/pages\/5623","targetHints":{"allow":["GET"]}}],"collection":[{"href":"https:\/\/pralinipalace.com\/en\/wp-json\/wp\/v2\/pages"}],"about":[{"href":"https:\/\/pralinipalace.com\/en\/wp-json\/wp\/v2\/types\/page"}],"author":[{"embeddable":true,"href":"https:\/\/pralinipalace.com\/en\/wp-json\/wp\/v2\/users\/1"}],"replies":[{"embeddable":true,"href":"https:\/\/pralinipalace.com\/en\/wp-json\/wp\/v2\/comments?post=5623"}],"version-history":[{"count":11,"href":"https:\/\/pralinipalace.com\/en\/wp-json\/wp\/v2\/pages\/5623\/revisions"}],"predecessor-version":[{"id":19705,"href":"https:\/\/pralinipalace.com\/en\/wp-json\/wp\/v2\/pages\/5623\/revisions\/19705"}],"wp:attachment":[{"href":"https:\/\/pralinipalace.com\/en\/wp-json\/wp\/v2\/media?parent=5623"}],"curies":[{"name":"wp","href":"https:\/\/api.w.org\/{rel}","templated":true}]}}