{"id":5746,"date":"2025-01-28T04:48:47","date_gmt":"2025-01-28T03:48:47","guid":{"rendered":"https:\/\/pralinipalace.com\/?page_id=5746"},"modified":"2026-03-10T08:29:06","modified_gmt":"2026-03-10T07:29:06","slug":"temperieren","status":"publish","type":"page","link":"https:\/\/pralinipalace.com\/en\/temperieren\/","title":{"rendered":"Tempering"},"content":{"rendered":"<div data-elementor-type=\"wp-page\" data-elementor-id=\"5746\" class=\"elementor elementor-5746\" data-elementor-post-type=\"page\">\n\t\t\t\t<div class=\"elementor-element elementor-element-0fa5b98 e-flex e-con-boxed e-con e-parent\" data-id=\"0fa5b98\" data-element_type=\"container\" data-e-type=\"container\" data-settings=\"{&quot;background_background&quot;:&quot;classic&quot;}\">\n\t\t\t\t\t<div class=\"e-con-inner\">\n\t\t\t\t<div class=\"elementor-element elementor-element-6aca37a elementor-widget elementor-widget-heading\" data-id=\"6aca37a\" data-element_type=\"widget\" data-e-type=\"widget\" data-widget_type=\"heading.default\">\n\t\t\t\t<div class=\"elementor-widget-container\">\n\t\t\t\t\t<p class=\"elementor-heading-title elementor-size-default\">Tempering<\/p>\t\t\t\t<\/div>\n\t\t\t\t<\/div>\n\t\t\t\t\t<\/div>\n\t\t\t\t<\/div>\n\t\t<div class=\"elementor-element elementor-element-5f9c6c2 e-flex e-con-boxed e-con e-parent\" data-id=\"5f9c6c2\" data-element_type=\"container\" data-e-type=\"container\">\n\t\t\t\t\t<div class=\"e-con-inner\">\n\t\t<div class=\"elementor-element elementor-element-7cb5df8 e-con-full e-flex e-con e-child\" data-id=\"7cb5df8\" data-element_type=\"container\" data-e-type=\"container\">\n\t\t\t\t<div class=\"elementor-element elementor-element-e6b0768 elementor-widget elementor-widget-heading\" data-id=\"e6b0768\" data-element_type=\"widget\" data-e-type=\"widget\" data-widget_type=\"heading.default\">\n\t\t\t\t<div class=\"elementor-widget-container\">\n\t\t\t\t\t<h1 class=\"elementor-heading-title elementor-size-default\">Schokolade temperieren<\/h1>\t\t\t\t<\/div>\n\t\t\t\t<\/div>\n\t\t\t\t<div class=\"elementor-element elementor-element-49a83eb elementor-widget__width-inherit elementor-widget elementor-widget-text-editor\" data-id=\"49a83eb\" data-element_type=\"widget\" data-e-type=\"widget\" data-widget_type=\"text-editor.default\">\n\t\t\t\t<div class=\"elementor-widget-container\">\n\t\t\t\t\t\t\t\t\t<div data-id=\"b9f3261\" data-element_type=\"widget\" data-widget_type=\"text-editor.default\">\n<div data-eae-slider=\"89939\" data-id=\"f676f5a\" data-element_type=\"container\">\n<div data-id=\"1f9fd49\" data-element_type=\"widget\" data-widget_type=\"text-editor.default\">\n<section id=\"shopify-section-template--22578610766119__rich_text_yAT7bW\">\n<div data-cascade=\"\">\n<div data-id=\"388ce6c\" data-element_type=\"widget\" data-widget_type=\"text-editor.default\">\n<section id=\"shopify-section-template--22578610766119__rich_text_yAT7bW\">\n<div data-cascade=\"\">\n<p><strong>Inhaltsverzeichnis:<\/strong><\/p>\n<ul>\n<li><strong>Definition der Temperierung<\/strong><\/li>\n<li><strong>Das Temperieren der Schokolade <\/strong><\/li>\n<li><strong>Andere Methoden<\/strong><\/li>\n<li><strong>Fazit: Temperierung, wie und wozu?<\/strong><\/li>\n<\/ul>\n<p>Die Temperierung der Schokolade ist eine klassische Technik der P\u00e2tisserie und Chocolaterie. Um hausgemachte Pralinen herzustellen, die nicht nur k\u00f6stlich, sondern auch optisch ansprechend sind, ist es wichtig, diese gut zu beherrschen.<\/p>\n<p>Mit der richtigen Methode und den richtigen Utensilien l\u00e4sst sich eine korrekte Temperierung der Schokolade erzielen, die zu bezaubernden Schoko-H\u00e4ppchen, Desserts und S\u00fc\u00dfwaren verarbeitet werden kann.<\/p>\n<p><strong>Definition der Temperierung<\/strong><\/p>\n<p>Schokolade zu temperieren bedeutet schlicht und ergreifend, die Schokolade zu schmelzen und dabei ihre Temperaturkurve zu kontrollieren. Mit dieser Technik kann die Schokolade nach W\u00fcnschen des P\u00e2tissiers verarbeitet und ein perfektes Ergebnis f\u00fcr alle Kreationen erzielt werden.<\/p>\n<p><strong>Warum sollte man Schokolade temperieren?<\/strong><\/p>\n<p>Wird Schokolade temperiert, k\u00f6nnen ihr bestimmte Eigenschaften verliehen werden, die in der P\u00e2tisserie, der Pralinenherstellung und der Confiserie besonders gefragt sind. Eine erfolgreiche Temperierung hat folgende Vorteile:<\/p>\n<ul>\n<li>Die gl\u00e4nzende und glatte Oberfl\u00e4che der Schokolade bleibt erhalten<\/li>\n<li>Das L\u00f6sen aus der Gussform wird erleichtert<\/li>\n<li>Ein sauberer Bruch wird gew\u00e4hrleistet<\/li>\n<\/ul>\n<p>So ist die Temperierung ein entscheidender Schritt in der Zubereitung sch\u00f6ner Desserts und Schokoladen und gl\u00e4nzender, glatter und fester Schokoladenoberfl\u00e4chen. Es ist wichtig, alle Schritte des Verfahrens zu befolgen, um das gew\u00fcnschte Ergebnis zu erzielen. Andernfalls kann die Schokolade br\u00fcchig oder glanzlos werden, eine unregelm\u00e4\u00dfige Oberfl\u00e4che oder wei\u00dfe Schlieren bekommen und schwieriger aus der Form zu l\u00f6sen sein. Eine gute Temperierung ist der Schl\u00fcssel zu einer gelungenen Schokoladenkreation.<\/p>\n<p><strong>Was sind die Voraussetzungen f\u00fcr eine erfolgreiche Temperierung?<\/strong><\/p>\n<p>Das Gelingen der Temperierung ist sehr wichtig f\u00fcr die Optik Ihrer Kreationen. Doch ist die Technik dabei entscheidend. Um eine Schokolade erfolgreich temperieren zu k\u00f6nnen, m\u00fcssen mehrere Voraussetzungen erf\u00fcllt sein. Zun\u00e4chst braucht es ein Thermometer, das eine Temperatur von bis zu 55\u00b0 Celsius anzeigen kann. Ein solches Thermometer ist unerl\u00e4sslich, da die Temperatur der Schokolade w\u00e4hrend der gesamten Temperierung kontrolliert werden muss, damit sie je nach Art der verwendeten Schokolade einer pr\u00e4zisen Kurve folgt.<\/p>\n<p>Zudem ist die verwendete Schokolade selbst f\u00fcr den Erfolg der Temperierung ebenso wichtig. Es empfiehlt sich immer, eine hochwertige Schokolade zu verwenden, d.\u00a0h. eine Kuvert\u00fcre. Letztere hat einen h\u00f6heren Kakaobuttergehalt und ist weniger s\u00fc\u00df als herk\u00f6mmliche Schokoladentafeln, die im Einzelhandel angeboten werden. Kuvert\u00fcren enthalten mindestens 31\u00a0% Kakaobutter, wodurch sie wesentlich fl\u00fcssiger werden und besser f\u00fcr eine korrekte Verarbeitung geeignet sind.<\/p>\n<p>\u00a0<\/p>\n<p><strong>Das Temperieren der Schokolade<\/strong><\/p>\n<p>Drei Methoden werden angewendet: die Temperierung im Wasserbad (die bekannteste und einfachste Technik), die \u201eImpfmethode\u201c und schlie\u00dflich die etwas komplexere \u201eTabliermethode\u201c<\/p>\n<p>\u00a0<\/p>\n<p><strong>Die Temperierkurve<\/strong><\/p>\n<p>Die H\u00f6chsttemperatur, die Ihre Schokolade nicht \u00fcberschreiten darf, h\u00e4ngt von ihrem Typ und dem jeweiligen Schritt der Temperierung ab. So muss dunkle Schokolade etwa zwischen 50 \u00b0C und 55 \u00b0C geschmolzen werden, w\u00e4hrend Vollmilchschokolade sowie wei\u00dfe Schokolade und Schokolade von blonder Farbe bei 40\u201345 \u00b0C schmelzen sollten.<\/p>\n<p>Hier eine zusammenfassende Tabelle der Temperaturbereiche die eingehalten werden m\u00fcssen, damit das Temperieren der Schokolade gelingt.<\/p>\n<table width=\"598\">\n<thead>\n<tr>\n<td>\n<p><strong>Temperatur<\/strong><\/p>\n<\/td>\n<td>\n<p><strong>Dunkle Schokolade<\/strong><\/p>\n<\/td>\n<td>\n<p><strong>Vollmilchschokolade<\/strong><\/p>\n<\/td>\n<td>\n<p><strong>Wei\u00dfe Schokolade &amp; Blond Dulcey<\/strong><strong>\u00a0<\/strong><\/p>\n<\/td>\n<\/tr>\n<\/thead>\n<tbody>\n<tr>\n<td>\n<p>T\u00b01<\/p>\n<\/td>\n<td>\n<p>50\u00b0C \u2013 55\u00b0C<\/p>\n<\/td>\n<td>\n<p>45\u00b0C \u2013 50\u00b0C<\/p>\n<\/td>\n<td>\n<p>45\u00b0C \u2013 50\u00b0C<\/p>\n<\/td>\n<\/tr>\n<tr>\n<td>\n<p>T\u00b02<\/p>\n<\/td>\n<td>\n<p>28\u00b0C \u2013 29\u00b0C<\/p>\n<\/td>\n<td>\n<p>27\u00b0C \u2013 28\u00b0C\u00a0<\/p>\n<\/td>\n<td>\n<p>26\u00b0C \u2013 27\u00b0C\u00a0<\/p>\n<\/td>\n<\/tr>\n<tr>\n<td>\n<p>T\u00b03<\/p>\n<\/td>\n<td>\n<p>31\u00b0C \u2013 32\u00b0C\u00a0<\/p>\n<\/td>\n<td>\n<p>29\u00b0C \u2013 30\u00b0C\u00a0<\/p>\n<\/td>\n<td>\n<p>28\u00b0C \u2013 29\u00b0C\u00a0<\/p>\n<\/td>\n<\/tr>\n<\/tbody>\n<\/table>\n<p>\u00a0<\/p>\n<p><strong>Erste Methode: Temperieren im Wasserbad<\/strong><\/p>\n<p>Diese Technik ist gleichzeitig die einfachste und die klassischste. Sie besteht darin, zuvor gehackte Schokolade in einem Wasserbad unter R\u00fchren zu schmelzen und dabei die Temperatur regelm\u00e4\u00dfig zu kontrollieren. Es ist jedoch darauf zu achten, dass kein Wasser in die Schokolade gelangt. Nur wenige Tropfen k\u00f6nnen das Gelingen schon verhindern. Um Ihre Schokolade mit dieser Technik zu temperieren, werden folgende Elemente ben\u00f6tigt:<\/p>\n<ul>\n<li>Ein Thermometer<\/li>\n<li>Eine R\u00fchrsch\u00fcssel oder ein anderes Beh\u00e4ltnis, f\u00fcr das Wasserbad<\/li>\n<li>Ein Beh\u00e4ltnis mit kaltem Wasser (und eventuell Eisw\u00fcrfeln)<\/li>\n<li>Ein Spatel oder ein Holzl\u00f6ffel<\/li>\n<\/ul>\n<p>Die Temperatur muss erstmalig \u00fcberwacht werden, damit sie je nach Schokoladentyp eine bestimmte Gradzahl nicht \u00fcberschreitet (siehe Temperaturkurve und Tabelle oben: Temperatur 1).<\/p>\n<p>Sobald das Thermometer die in der Tabelle angegebene Temperatur anzeigt, muss die Schokolade aus dem Wasserbad entfernt werden.<\/p>\n<ol>\n<li>Die R\u00fchrsch\u00fcssel in das Beh\u00e4ltnis mit dem kalten Wasser geben und st\u00e4ndig r\u00fchren, um die Temperatur (dies gilt f\u00fcr alle Schokoladentypen) auf etwa 35 \u00b0C abk\u00fchlen zu lassen.<\/li>\n<li>R\u00fchrsch\u00fcssel aus dem Beh\u00e4ltnis mit dem kalten Wasser herausnehmen und weiter r\u00fchren, bis die Schokolade die unter Nr. 2 angegebene Temperatur erreicht.<\/li>\n<li>Abschlie\u00dfend die Schokolade erneut kurz ins Wasserbad stellen, bis sie ihre Arbeitstemperatur, die Temperatur Nr. 3, erreicht hat.<\/li>\n<\/ol>\n<p><strong>Zweite Methode: die \u201eImpfmethode\u201c<\/strong><strong>\u00a0<\/strong><\/p>\n<p>Diese zweite Technik ist ebenfalls relativ einfach durchzuf\u00fchren. Sie besteht darin, die Schokolade in kleine St\u00fccke zu schneiden (kleiner als die St\u00fcckchen in einer Schokoladentafel)\u00a0\u2013 sollten allerdings<strong>\u00a0<\/strong><strong>Schokoladenpastillen<\/strong>\u00a0verwendet werden, ist dieser Schritt nicht erforderlich.<\/p>\n<p>F\u00fcr die Impfmethode werden folgende Utensilien ben\u00f6tigt:<\/p>\n<ul>\n<li>Eine M\u00f6rsersch\u00fcssel<\/li>\n<li>Eine Sch\u00fcssel<\/li>\n<li>Ein Thermometer<\/li>\n<\/ul>\n<p>Sobald alle erforderlichen Elemente bereit liegen, kann mit der Temperierung begonnen werden. Folgende Schritte sind zu beachten:<\/p>\n<ol>\n<li>\u00be der Schokolade im Wasserbad bis T1 schmelzen.<\/li>\n<li>Die R\u00fchrsch\u00fcssel aus dem Topf nehmen und \u2153 der zerlassenen Schokolade in eine andere Sch\u00fcssel geben.<\/li>\n<li>Verbleibende \u00bc der nicht geschmolzenen Schokolade zur geschmolzenen Schokolade in die R\u00fchrsch\u00fcssel geben und r\u00fchren, bis T2 erreicht ist.<\/li>\n<li>Das in Schritt 2 beiseite gestellte Schokoladendrittel wieder hinzugeben. Der Temperaturunterschied sollte die Masse wieder auf die Temperatur T3 bringen.<\/li>\n<\/ol>\n<p><strong>Dritte Methode: Temperieren der Schokolade durch Tablieren<\/strong><\/p>\n<p>Die dritte von Fr\u00e9d\u00e9ric Bau beschriebene Methode ist die sogenannte Tabliermethode. Sie ist am schwierigsten umzusetzen, da sie eine Marmorarbeitsfl\u00e4che voraussetzt.<\/p>\n<ol>\n<li>Das Grundprinzip bleibt jedoch dasselbe: Die Schokolade in kleine St\u00fccke hacken und im Wasserbad auf Temperatur T1 erw\u00e4rmen.<\/li>\n<li>Anschlie\u00dfend \u2154 der geschmolzenen Schokolade direkt auf den Marmor gie\u00dfen, um sie auf die Temperatur T2 abzuk\u00fchlen. Dabei st\u00e4ndig mit einem Spatel weiterr\u00fchren. \u2153 in der R\u00fchrsch\u00fcssel beiseitestellen.<\/li>\n<li>Schlie\u00dflich die Schokolade von der Marmorplatte zur\u00fcck in eine Sch\u00fcssel geben und nach und nach die in Schritt 2 in der R\u00fchrsch\u00fcssel belassene Schokolade hinzugeben, bis die Temperatur T3 erreicht ist.<\/li>\n<\/ol>\n<p>Diese Technik ist interessant, aber nicht f\u00fcr alle K\u00fcchen geeignet.<\/p>\n<p><strong>Andere Methoden<\/strong><\/p>\n<p>Es gibt andere Methoden zum Temperieren von Schokolade, die mehr oder weniger einfach in der Durchf\u00fchrung und mehr oder weniger aufwendig sind. Alles h\u00e4ngt von der jeweiligen Kompetenz, der Ausr\u00fcstung, der Motivation und dem Budget ab.<\/p>\n<p><strong>Kombination zweier Methoden<\/strong><\/p>\n<p>Diese Methoden lassen sich ganz nach Vorliebe, vorhandenen Utensilien und W\u00fcnschen anpassen. So ist etwa denkbar, eine Mischung aus Impf- und Wasserbadmethode anzuwenden, indem man damit beginnt, \u00be der Schokolade zu schmelzen.<\/p>\n<p>Anschlie\u00dfend wird das verbleibende, nicht geschmolzene und fein gehackte Viertel der Schokolade abseits der Kochplatte eingearbeitet, um einen Temperatursturz herbeizuf\u00fchren. Abschlie\u00dfend wird die Schokoladenmischung ein weiteres Mal im Wasserbad erw\u00e4rmt.<\/p>\n<p><strong>Die Temperiermaschine \u2013 f\u00fcr ein perfektes Ergebnis<\/strong><\/p>\n<p>Eine Temperiermaschine ist ein sehr praktisches Ger\u00e4t f\u00fcr Personen, die regelm\u00e4\u00dfig Schokolade temperieren m\u00fcssen, da der Vorgang darin nicht misslingen kann. Bei Verwendung einer Temperiermaschine folgt die Kuvert\u00fcre automatisch der idealen Temperaturkurve, sodass ein perfektes Ergebnis erzielt wird, ohne dass der P\u00e2tissier eingreifen muss.<\/p>\n<p>Eine Temperiermaschine spart also viel Zeit in der K\u00fcche, vor allem wenn h\u00e4ufig temperiert werden muss. Mit dieser Maschine k\u00f6nnen Schokoladenzubereitungen nicht misslingen.<\/p>\n<p><strong>Fazit: Temperierung, wie und wozu?<\/strong><\/p>\n<p>Schokolade, und insbesondere Kuvert\u00fcre-Schokolade, enth\u00e4lt Fett. Ziel der Temperierung ist, die Schokolade je nach Arbeitsschritt unterschiedlichen Temperaturen auszusetzen. Dabei werden die verschiedenen Molek\u00fcle, aus denen die Schokolade besteht, getrennt und anschlie\u00dfend perfekt geordnet wieder zusammengef\u00fcgt, um den erw\u00fcnschten Glanz-Effekt zu erzielen.<\/p>\n<p>Konkret geht Schokolade dabei durch drei Phasen:<\/p>\n<p>Schmelzen: zumeist im Wasserbad, um die Temperatur pr\u00e4zise zu kontrollieren.<\/p>\n<p>Kristallisation: beim Abk\u00fchlen kristallisiert die Schokolade.<\/p>\n<p>Verarbeitung: Leicht aufgew\u00e4rmt kann die Schokolade gut verarbeitet werden.<\/p>\n<p>Entscheidendes Element beim Temperieren ist also die Temperaturkontrolle.<\/p>\n<\/div>\n<\/section>\n<\/div>\n<\/div>\n<\/section>\n<\/div>\n<\/div>\n<\/div>\t\t\t\t\t\t\t\t<\/div>\n\t\t\t\t<\/div>\n\t\t\t\t<\/div>\n\t\t\t\t\t<\/div>\n\t\t\t\t<\/div>\n\t\t<div class=\"elementor-element elementor-element-14cac0a e-flex e-con-boxed e-con e-parent\" data-id=\"14cac0a\" data-element_type=\"container\" data-e-type=\"container\">\n\t\t\t\t\t<div class=\"e-con-inner\">\n\t\t<div class=\"elementor-element elementor-element-72f8350 e-con-full e-flex e-con e-child\" data-id=\"72f8350\" data-element_type=\"container\" data-e-type=\"container\">\n\t\t\t\t<div class=\"elementor-element elementor-element-ff9c84c elementor-widget elementor-widget-heading\" data-id=\"ff9c84c\" data-element_type=\"widget\" data-e-type=\"widget\" data-widget_type=\"heading.default\">\n\t\t\t\t<div class=\"elementor-widget-container\">\n\t\t\t\t\t<p class=\"elementor-heading-title elementor-size-default\">Reviews<\/p>\t\t\t\t<\/div>\n\t\t\t\t<\/div>\n\t\t\t\t<div class=\"elementor-element elementor-element-28f9b8c elementor-widget elementor-widget-heading\" data-id=\"28f9b8c\" data-element_type=\"widget\" data-e-type=\"widget\" data-widget_type=\"heading.default\">\n\t\t\t\t<div class=\"elementor-widget-container\">\n\t\t\t\t\t<p class=\"elementor-heading-title elementor-size-default\">What our customers say<\/p>\t\t\t\t<\/div>\n\t\t\t\t<\/div>\n\t\t\t\t<div class=\"elementor-element elementor-element-a270a8f elementor-widget__width-initial elementor-testimonial--skin-default elementor-testimonial--layout-image_inline elementor-testimonial--align-center elementor-pagination-type-bullets elementor-widget elementor-widget-testimonial-carousel\" data-id=\"a270a8f\" data-element_type=\"widget\" data-e-type=\"widget\" data-settings=\"{&quot;slides_per_view&quot;:&quot;1&quot;,&quot;pagination&quot;:&quot;bullets&quot;,&quot;speed&quot;:500,&quot;autoplay&quot;:&quot;yes&quot;,&quot;autoplay_speed&quot;:5000,&quot;loop&quot;:&quot;yes&quot;,&quot;pause_on_hover&quot;:&quot;yes&quot;,&quot;pause_on_interaction&quot;:&quot;yes&quot;,&quot;space_between&quot;:{&quot;unit&quot;:&quot;px&quot;,&quot;size&quot;:10,&quot;sizes&quot;:[]},&quot;space_between_tablet&quot;:{&quot;unit&quot;:&quot;px&quot;,&quot;size&quot;:10,&quot;sizes&quot;:[]},&quot;space_between_mobile&quot;:{&quot;unit&quot;:&quot;px&quot;,&quot;size&quot;:10,&quot;sizes&quot;:[]}}\" data-widget_type=\"testimonial-carousel.default\">\n\t\t\t\t<div class=\"elementor-widget-container\">\n\t\t\t\t\t\t\t\t\t<div class=\"elementor-swiper\">\n\t\t\t\t\t<div class=\"elementor-main-swiper swiper\" role=\"region\" aria-roledescription=\"carousel\" aria-label=\"Slider\">\n\t\t\t\t<div class=\"swiper-wrapper\">\n\t\t\t\t\t\t\t\t\t\t\t<div class=\"swiper-slide\" role=\"group\" aria-roledescription=\"slide\">\n\t\t\t\t\t\t\t\t\t<div class=\"elementor-testimonial\">\n\t\t\t\t\t\t\t<div class=\"elementor-testimonial__content\">\n\t\t\t\t\t<div class=\"elementor-testimonial__text\">\n\t\t\t\t\t\tSehr freundlicher und individueller Service! Vorsicht, es handelt sich um einen Onlineshop und kein Ladengesch\u00e4ft \ud83d\ude09 wir sind darauf reingefallen, haben aber am n\u00e4chsten Tag ausnahmsweise trotzdem die bestellten Pralinen abholen d\u00fcrfen. Super netter Kerl und die Pralinen sahen sehr gut aus.\t\t\t\t\t<\/div>\n\t\t\t\t\t\t\t\t\t<\/div>\n\t\t\t\t\t\t<div class=\"elementor-testimonial__footer\">\n\t\t\t\t\t\t\t\t\t<div class=\"elementor-testimonial__image\">\n\t\t\t\t\t\t<img decoding=\"async\" src=\"https:\/\/pralinipalace.com\/wp-content\/uploads\/pralini-palace-banner-01.jpg\" alt=\"Fabian Will\">\n\t\t\t\t\t\t\t\t\t\t\t<\/div>\n\t\t\t\t\t\t\t\t<cite class=\"elementor-testimonial__cite\"><span class=\"elementor-testimonial__name\">Fabian Will<\/span><span class=\"elementor-testimonial__title\">Kunde<\/span><\/cite>\t\t\t<\/div>\n\t\t<\/div>\n\t\t\t\t\t\t\t\t<\/div>\n\t\t\t\t\t\t\t\t\t\t\t<div class=\"swiper-slide\" role=\"group\" aria-roledescription=\"slide\">\n\t\t\t\t\t\t\t\t\t<div class=\"elementor-testimonial\">\n\t\t\t\t\t\t\t<div class=\"elementor-testimonial__content\">\n\t\t\t\t\t<div class=\"elementor-testimonial__text\">\n\t\t\t\t\t\tWir k\u00f6nnen die Pralinen sehr empfehlen! Unsere Bestellung kam schnell an und war wundersch\u00f6n verpackt! Wir hatten 3 verschiedene Sorten und alle waren sehr lecker! Konnten uns kaum entscheiden! Auch sehr gut geeignet, um sie zu verschenken! Definitiv etwas besonderes! Wir bestellen gerne wieder.\t\t\t\t\t<\/div>\n\t\t\t\t\t\t\t\t\t<\/div>\n\t\t\t\t\t\t<div class=\"elementor-testimonial__footer\">\n\t\t\t\t\t\t\t\t\t<div class=\"elementor-testimonial__image\">\n\t\t\t\t\t\t<img decoding=\"async\" src=\"https:\/\/pralinipalace.com\/wp-content\/uploads\/pralini-palace-banner-01.jpg\" alt=\"Samuel Birue\">\n\t\t\t\t\t\t\t\t\t\t\t<\/div>\n\t\t\t\t\t\t\t\t<cite class=\"elementor-testimonial__cite\"><span class=\"elementor-testimonial__name\">Samuel Birue<\/span><span class=\"elementor-testimonial__title\">Kunde<\/span><\/cite>\t\t\t<\/div>\n\t\t<\/div>\n\t\t\t\t\t\t\t\t<\/div>\n\t\t\t\t\t\t\t\t\t\t\t<div class=\"swiper-slide\" role=\"group\" aria-roledescription=\"slide\">\n\t\t\t\t\t\t\t\t\t<div class=\"elementor-testimonial\">\n\t\t\t\t\t\t\t<div class=\"elementor-testimonial__content\">\n\t\t\t\t\t<div class=\"elementor-testimonial__text\">\n\t\t\t\t\t\tSehr leckere Pralinen die dazu noch unfassbar toll aussehen.\nLieferung hat super geklappt und die Verpackung ist richtig chic und hochwertig. Eine feste, stabile Pappbox mit praktischem Magnet-Verschluss.\nIch bestelle da sicher wieder.\t\t\t\t\t<\/div>\n\t\t\t\t\t\t\t\t\t<\/div>\n\t\t\t\t\t\t<div class=\"elementor-testimonial__footer\">\n\t\t\t\t\t\t\t\t\t<div class=\"elementor-testimonial__image\">\n\t\t\t\t\t\t<img decoding=\"async\" src=\"https:\/\/pralinipalace.com\/wp-content\/uploads\/pralini-palace-banner-01.jpg\" alt=\"Karlos M\u00fcller\">\n\t\t\t\t\t\t\t\t\t\t\t<\/div>\n\t\t\t\t\t\t\t\t<cite class=\"elementor-testimonial__cite\"><span class=\"elementor-testimonial__name\">Karlos M\u00fcller<\/span><span class=\"elementor-testimonial__title\">Kunde<\/span><\/cite>\t\t\t<\/div>\n\t\t<\/div>\n\t\t\t\t\t\t\t\t<\/div>\n\t\t\t\t\t\t\t\t\t\t\t<div class=\"swiper-slide\" role=\"group\" aria-roledescription=\"slide\">\n\t\t\t\t\t\t\t\t\t<div class=\"elementor-testimonial\">\n\t\t\t\t\t\t\t<div class=\"elementor-testimonial__content\">\n\t\t\t\t\t<div class=\"elementor-testimonial__text\">\n\t\t\t\t\t\tAlles in einem wunderbar. Die Liebe im Detail. Die geschmacksvielfallt. Kann man im Gutes Gewissen weiterempfehlen. Leckere Qualit\u00e4t zum naschen\n\t\t\t\t\t<\/div>\n\t\t\t\t\t\t\t\t\t<\/div>\n\t\t\t\t\t\t<div class=\"elementor-testimonial__footer\">\n\t\t\t\t\t\t\t\t\t<div class=\"elementor-testimonial__image\">\n\t\t\t\t\t\t<img decoding=\"async\" src=\"https:\/\/pralinipalace.com\/wp-content\/uploads\/pralini-palace-banner-01.jpg\" alt=\"LaStevanya\">\n\t\t\t\t\t\t\t\t\t\t\t<\/div>\n\t\t\t\t\t\t\t\t<cite class=\"elementor-testimonial__cite\"><span class=\"elementor-testimonial__name\">LaStevanya<\/span><span class=\"elementor-testimonial__title\">Kunde<\/span><\/cite>\t\t\t<\/div>\n\t\t<\/div>\n\t\t\t\t\t\t\t\t<\/div>\n\t\t\t\t\t\t\t\t\t<\/div>\n\t\t\t\t\t\t\t\t\t\t\t\t\t\t\t\t\t\t\t\t<div class=\"swiper-pagination\"><\/div>\n\t\t\t\t\t\t\t\t\t\t\t\t<\/div>\n\t\t\t\t<\/div>\n\t\t\t\t\t\t\t\t<\/div>\n\t\t\t\t<\/div>\n\t\t\t\t<\/div>\n\t\t\t\t\t<\/div>\n\t\t\t\t<\/div>\n\t\t\t\t<\/div>","protected":false},"excerpt":{"rendered":"<p>Temperieren Schokolade temperieren Inhaltsverzeichnis: Definition der Temperierung Das Temperieren der Schokolade Andere Methoden Fazit: Temperierung, wie und wozu? Die Temperierung der Schokolade ist eine klassische Technik der P\u00e2tisserie und Chocolaterie. Um hausgemachte Pralinen herzustellen, die nicht nur k\u00f6stlich, sondern auch optisch ansprechend sind, ist es wichtig, diese gut zu beherrschen. Mit der richtigen Methode und [&hellip;]<\/p>\n","protected":false},"author":1,"featured_media":0,"parent":0,"menu_order":0,"comment_status":"closed","ping_status":"closed","template":"elementor_header_footer","meta":{"om_disable_all_campaigns":false,"_monsterinsights_skip_tracking":false,"_monsterinsights_sitenote_active":false,"_monsterinsights_sitenote_note":"","_monsterinsights_sitenote_category":0,"footnotes":""},"class_list":["post-5746","page","type-page","status-publish","hentry"],"blocksy_meta":[],"aioseo_notices":[],"jetpack_sharing_enabled":true,"_links":{"self":[{"href":"https:\/\/pralinipalace.com\/en\/wp-json\/wp\/v2\/pages\/5746","targetHints":{"allow":["GET"]}}],"collection":[{"href":"https:\/\/pralinipalace.com\/en\/wp-json\/wp\/v2\/pages"}],"about":[{"href":"https:\/\/pralinipalace.com\/en\/wp-json\/wp\/v2\/types\/page"}],"author":[{"embeddable":true,"href":"https:\/\/pralinipalace.com\/en\/wp-json\/wp\/v2\/users\/1"}],"replies":[{"embeddable":true,"href":"https:\/\/pralinipalace.com\/en\/wp-json\/wp\/v2\/comments?post=5746"}],"version-history":[{"count":10,"href":"https:\/\/pralinipalace.com\/en\/wp-json\/wp\/v2\/pages\/5746\/revisions"}],"predecessor-version":[{"id":19746,"href":"https:\/\/pralinipalace.com\/en\/wp-json\/wp\/v2\/pages\/5746\/revisions\/19746"}],"wp:attachment":[{"href":"https:\/\/pralinipalace.com\/en\/wp-json\/wp\/v2\/media?parent=5746"}],"curies":[{"name":"wp","href":"https:\/\/api.w.org\/{rel}","templated":true}]}}