{"id":16321,"date":"2025-04-17T01:12:44","date_gmt":"2025-04-16T23:12:44","guid":{"rendered":"https:\/\/pralinipalace.com\/?post_type=product&#038;p=16321"},"modified":"2026-04-27T02:14:41","modified_gmt":"2026-04-27T00:14:41","slug":"delight-euphorie","status":"publish","type":"product","link":"https:\/\/pralinipalace.com\/en\/product\/delight-euphorie\/","title":{"rendered":"Selektion &#8222;Delight Euphorie&#8220;"},"content":{"rendered":"<p class=\"isSelectedEnd\"><strong>Amarulafrucht<\/strong> er\u00f6ffnet die Kollektion mit ihrer cremig-fruchtigen Tiefe und einem Hauch nat\u00fcrlicher S\u00fc\u00dfe \u2013 weich, rund und luxuri\u00f6s im Charakter.<\/p>\n<p class=\"isSelectedEnd\">Mit <strong>\u201eEsther\u201c<\/strong> entfaltet sich eine lebendige, spritzige Fusion aus <strong>Ananas, Grapefruit und Kaffirlimette<\/strong>. Diese Kreation bringt eine belebende Frische, die gleichzeitig tropisch und elegant wirkt \u2013 ein Spiel aus S\u00fc\u00dfe und zitrischer Klarheit.<\/p>\n<p class=\"isSelectedEnd\"><strong>Nougat Orient Kiss<\/strong>: eine raffinierte Mischung aus <strong>Zimt, Kardamom, Nelken und Pfeffer<\/strong>, die auf cremigem <strong>Karamell und Pistazie<\/strong> ruht. Diese Komposition verf\u00fchrt mit orientalischer Tiefe und einer samtigen, leicht w\u00fcrzigen S\u00fc\u00dfe.<\/p>","protected":false},"excerpt":{"rendered":"<p class=\"isSelectedEnd\"><strong>Amarulafrucht<\/strong> er\u00f6ffnet die Kollektion mit ihrer cremig-fruchtigen Tiefe und einem Hauch nat\u00fcrlicher S\u00fc\u00dfe \u2013 weich, rund und luxuri\u00f6s im Charakter.<\/p>\n<p class=\"isSelectedEnd\">Mit <strong>\u201eEsther\u201c<\/strong> entfaltet sich eine lebendige, spritzige Fusion aus <strong>Ananas, Grapefruit und Kaffirlimette<\/strong>. Diese Kreation bringt eine belebende Frische, die gleichzeitig tropisch und elegant wirkt \u2013 ein Spiel aus S\u00fc\u00dfe und zitrischer Klarheit.<\/p>\n<p class=\"isSelectedEnd\"><strong>Nougat Orient Kiss<\/strong>: eine raffinierte Mischung aus <strong>Zimt, Kardamom, Nelken und Pfeffer<\/strong>, die auf cremigem <strong>Karamell und Pistazie<\/strong> ruht. Diese Komposition verf\u00fchrt mit orientalischer Tiefe und einer samtigen, leicht w\u00fcrzigen S\u00fc\u00dfe.<\/p>","protected":false},"featured_media":19688,"comment_status":"closed","ping_status":"closed","template":"","meta":{"om_disable_all_campaigns":false,"_monsterinsights_skip_tracking":false,"_monsterinsights_sitenote_active":false,"_monsterinsights_sitenote_note":"","_monsterinsights_sitenote_category":0},"product_brand":[],"product_cat":[72,67,70,71],"product_tag":[],"class_list":{"0":"post-16321","1":"product","2":"type-product","3":"status-publish","4":"has-post-thumbnail","6":"product_cat-exotisch","7":"product_cat-fruchtig","8":"product_cat-nussig-nougat","9":"product_cat-wuerzig","11":"first","12":"instock","13":"featured","14":"shipping-taxable","15":"purchasable","16":"product-type-simple"},"aioseo_notices":[],"jetpack_sharing_enabled":true,"_links":{"self":[{"href":"https:\/\/pralinipalace.com\/en\/wp-json\/wp\/v2\/product\/16321","targetHints":{"allow":["GET"]}}],"collection":[{"href":"https:\/\/pralinipalace.com\/en\/wp-json\/wp\/v2\/product"}],"about":[{"href":"https:\/\/pralinipalace.com\/en\/wp-json\/wp\/v2\/types\/product"}],"replies":[{"embeddable":true,"href":"https:\/\/pralinipalace.com\/en\/wp-json\/wp\/v2\/comments?post=16321"}],"version-history":[{"count":4,"href":"https:\/\/pralinipalace.com\/en\/wp-json\/wp\/v2\/product\/16321\/revisions"}],"predecessor-version":[{"id":21971,"href":"https:\/\/pralinipalace.com\/en\/wp-json\/wp\/v2\/product\/16321\/revisions\/21971"}],"wp:featuredmedia":[{"embeddable":true,"href":"https:\/\/pralinipalace.com\/en\/wp-json\/wp\/v2\/media\/19688"}],"wp:attachment":[{"href":"https:\/\/pralinipalace.com\/en\/wp-json\/wp\/v2\/media?parent=16321"}],"wp:term":[{"taxonomy":"product_brand","embeddable":true,"href":"https:\/\/pralinipalace.com\/en\/wp-json\/wp\/v2\/product_brand?post=16321"},{"taxonomy":"product_cat","embeddable":true,"href":"https:\/\/pralinipalace.com\/en\/wp-json\/wp\/v2\/product_cat?post=16321"},{"taxonomy":"product_tag","embeddable":true,"href":"https:\/\/pralinipalace.com\/en\/wp-json\/wp\/v2\/product_tag?post=16321"}],"curies":[{"name":"wp","href":"https:\/\/api.w.org\/{rel}","templated":true}]}}