{"id":21937,"date":"2026-04-26T18:23:03","date_gmt":"2026-04-26T16:23:03","guid":{"rendered":"https:\/\/pralinipalace.com\/?post_type=product&#038;p=21937"},"modified":"2026-04-27T02:20:01","modified_gmt":"2026-04-27T00:20:01","slug":"hessen-kollektion","status":"publish","type":"product","link":"https:\/\/pralinipalace.com\/en\/product\/hessen-kollektion\/","title":{"rendered":"Selektion &#8222;Hessen Kollektion&#8220;"},"content":{"rendered":"<ul data-start=\"298\" data-end=\"653\">\n<li data-section-id=\"1qfiqml\" data-start=\"298\" data-end=\"422\"><strong data-start=\"300\" data-end=\"321\">Frankfurter Kranz<\/strong> \u2013 der traditionsreiche Kuchen mit feiner Buttercreme, knusprigem Krokant und einem Hauch Nostalgie<\/li>\n<li data-section-id=\"1yp8th4\" data-start=\"423\" data-end=\"545\"><strong data-start=\"425\" data-end=\"439\">Gr\u00fcne So\u00dfe<\/strong> \u2013 die ber\u00fchmte Kr\u00e4uterspezialit\u00e4t aus sieben frischen Kr\u00e4utern, cremig und unverwechselbar im Geschmack<\/li>\n<li data-section-id=\"e8zgcu\" data-start=\"546\" data-end=\"653\"><strong data-start=\"548\" data-end=\"562\">Mispelchen<\/strong> \u2013 die feine Spezialit\u00e4t mit aromatischem Calvados und einer fruchtiger Mispel, ein echtes Frankfurter Original<\/li>\n<\/ul>","protected":false},"excerpt":{"rendered":"<ul data-start=\"298\" data-end=\"653\">\n<li data-section-id=\"1qfiqml\" data-start=\"298\" data-end=\"422\"><strong data-start=\"300\" data-end=\"321\">Frankfurter Kranz<\/strong> \u2013 der traditionsreiche Kuchen mit feiner Buttercreme, knusprigem Krokant und einem Hauch Nostalgie<\/li>\n<li data-section-id=\"1yp8th4\" data-start=\"423\" data-end=\"545\"><strong data-start=\"425\" data-end=\"439\">Gr\u00fcne So\u00dfe<\/strong> \u2013 die ber\u00fchmte Kr\u00e4uterspezialit\u00e4t aus sieben frischen Kr\u00e4utern, cremig und unverwechselbar im Geschmack<\/li>\n<li data-section-id=\"e8zgcu\" data-start=\"546\" data-end=\"653\"><strong data-start=\"548\" data-end=\"562\">Mispelchen<\/strong> \u2013 die feine Spezialit\u00e4t mit aromatischem Calvados und einer fruchtiger Mispel, ein echtes Frankfurter Original<\/li>\n<\/ul>","protected":false},"featured_media":21931,"comment_status":"closed","ping_status":"closed","template":"","meta":{"om_disable_all_campaigns":false,"_monsterinsights_skip_tracking":false,"_monsterinsights_sitenote_active":false,"_monsterinsights_sitenote_note":"","_monsterinsights_sitenote_category":0},"product_brand":[],"product_cat":[68,67],"product_tag":[237,238],"class_list":{"0":"post-21937","1":"product","2":"type-product","3":"status-publish","4":"has-post-thumbnail","6":"product_cat-alkoholisch-2","7":"product_cat-fruchtig","8":"product_tag-frankfurter-kranz","9":"product_tag-gruene-sosse-mispel","11":"first","12":"instock","13":"featured","14":"shipping-taxable","15":"purchasable","16":"product-type-simple"},"aioseo_notices":[],"jetpack_sharing_enabled":true,"_links":{"self":[{"href":"https:\/\/pralinipalace.com\/en\/wp-json\/wp\/v2\/product\/21937","targetHints":{"allow":["GET"]}}],"collection":[{"href":"https:\/\/pralinipalace.com\/en\/wp-json\/wp\/v2\/product"}],"about":[{"href":"https:\/\/pralinipalace.com\/en\/wp-json\/wp\/v2\/types\/product"}],"replies":[{"embeddable":true,"href":"https:\/\/pralinipalace.com\/en\/wp-json\/wp\/v2\/comments?post=21937"}],"version-history":[{"count":3,"href":"https:\/\/pralinipalace.com\/en\/wp-json\/wp\/v2\/product\/21937\/revisions"}],"predecessor-version":[{"id":21974,"href":"https:\/\/pralinipalace.com\/en\/wp-json\/wp\/v2\/product\/21937\/revisions\/21974"}],"wp:featuredmedia":[{"embeddable":true,"href":"https:\/\/pralinipalace.com\/en\/wp-json\/wp\/v2\/media\/21931"}],"wp:attachment":[{"href":"https:\/\/pralinipalace.com\/en\/wp-json\/wp\/v2\/media?parent=21937"}],"wp:term":[{"taxonomy":"product_brand","embeddable":true,"href":"https:\/\/pralinipalace.com\/en\/wp-json\/wp\/v2\/product_brand?post=21937"},{"taxonomy":"product_cat","embeddable":true,"href":"https:\/\/pralinipalace.com\/en\/wp-json\/wp\/v2\/product_cat?post=21937"},{"taxonomy":"product_tag","embeddable":true,"href":"https:\/\/pralinipalace.com\/en\/wp-json\/wp\/v2\/product_tag?post=21937"}],"curies":[{"name":"wp","href":"https:\/\/api.w.org\/{rel}","templated":true}]}}